{"id":209,"date":"2023-11-16T16:12:02","date_gmt":"2023-11-16T15:12:02","guid":{"rendered":"https:\/\/archifolies-ensa.marseille.archi.fr\/?page_id=209"},"modified":"2024-06-13T10:59:06","modified_gmt":"2024-06-13T08:59:06","slug":"les-partenaires","status":"publish","type":"page","link":"https:\/\/archifolies-ensa.marseille.archi.fr\/?page_id=209","title":{"rendered":"Archi-Folies"},"content":{"rendered":"\n<h2 class=\"wp-block-heading\">Archi-Folies&nbsp;: un projet de cr\u00e9ation architecturale et d\u2019innovation \u00e0 l\u2019\u00e9chelle nationale<\/h2>\n\n\n\n<h5 class=\"wp-block-heading has-text-align-left\">Apr\u00e8s le lancement officiel d\u2019Archi-Folies par la ministre de la Culture \u00e0 La Villette en fin d\u2019ann\u00e9e 2022, l\u2019ann\u00e9e 2023 a \u00e9t\u00e9 consacr\u00e9e \u00e0 la conception architecturale des pavillons &#8211; dans un premier temps gr\u00e2ce \u00e0 la finalisation du \u00ab&nbsp;Plan Guide&nbsp;\u00bb comprenant les r\u00e8gles communes pour l\u2019int\u00e9gration des 20 pavillons dans le parc de l\u2019\u00e9tablissement &#8211; &nbsp;avec pour temps fort l\u2019exposition des maquettes \u00e0 l\u2019ENSA Paris-Malaquais au mois de juillet. La phase de conception architecturale des pavillons \u00e0 dor\u00e9navant commenc\u00e9 selon des modes et rythmes p\u00e9dagogiques qui peuvent varier d\u2019une \u00e9cole \u00e0 l\u2019autre. L\u2019ann\u00e9e 2024 est consacr\u00e9e \u00e0 la finalisation des projets et \u00e0 la fabrication des prototypes. Les pavillons seront mont\u00e9s sur site en mai, inaugur\u00e9s en juin, et d\u00e9mont\u00e9s \u00e0 partir de la mi-septembre une fois les Jeux achev\u00e9s.<\/h5>\n\n\n\n<h5 class=\"wp-block-heading\"><strong>L\u2019ensa\u2022marseille s\u2019est naturellement associ\u00e9e \u00e0 la F\u00e9d\u00e9ration Fran\u00e7aise de la Voile dont les \u00e9preuves se d\u00e9rouleront en 2024 \u00e0 Marseille<\/strong><\/h5>\n\n\n\n<div id=\"wp-block-themeisle-blocks-accordion-23681344\" class=\"wp-block-themeisle-blocks-accordion exclusive\">\n<details class=\"wp-block-themeisle-blocks-accordion-item\"><summary class=\"wp-block-themeisle-blocks-accordion-item__title\"><div>En savoir plus : <\/div><\/summary><div class=\"wp-block-themeisle-blocks-accordion-item__content\">\n<p>20 Ecoles nationales sup\u00e9rieures d\u2019architecture et de paysage (ENSAP) sont invit\u00e9es \u00e0 cr\u00e9er 20 Archi-folies dans le parc de La Villette&nbsp;: des pavillons \u00e9ph\u00e9m\u00e8res aux architectures innovantes qui accueilleront les f\u00e9d\u00e9rations sportives pendant les Jeux Olympiques et Paralympiques 2024, et dialogueront avec les 20 \u201cFolies\u201d cr\u00e9\u00e9es par l\u2019architecte Bernard Tschumi, parrain de l\u2019op\u00e9ration et concepteur du parc.<\/p>\n\n\n\n<p>Cette rencontre in\u00e9dite entre architecture et sport se tient dans le cadre de l\u2019Olympiade culturelle, une programmation unique port\u00e9e par Paris 2024 en collaboration avec le minist\u00e8re de la Culture, m\u00ealant pratique artistique et culture sportive jusqu\u2019au d\u00e9but des Jeux Olympiques et Paralympiques 2024.<\/p>\n\n\n\n<p>L\u2019ensemble des 20 pavillons sera d\u00e9di\u00e9 aux actions d\u2019information et aux d\u00e9monstrations des f\u00e9d\u00e9rations sportives aupr\u00e8s du grand public pendant les Jeux Olympiques et Paralympiques 2024 (en parall\u00e8le, La Villette accueillera au sein de sa Grande Halle le Club France, qui c\u00e9l\u00e8brera les athl\u00e8tes m\u00e9daill\u00e9s).<\/p>\n\n\n\n<p>Chaque ENSA est invit\u00e9e \u00e0 concevoir et construire un pavillon en collaboration avec une f\u00e9d\u00e9ration sportive. Cette collaboration permettra de recueillir les besoins des f\u00e9d\u00e9rations et de travailler sur l\u2019imaginaire du sport. Pour les \u00e9tudiants, encadr\u00e9s par leurs enseignant, c\u2019est l\u2019opportunit\u00e9 de se confronter \u00e0 l\u2019acte de b\u00e2tir et de r\u00e9aliser des architectures exemplaires et inspirantes, \u00e0 l\u2019aide de mat\u00e9riaux innovants ou de r\u00e9emploi, d\u00e9montrant la capacit\u00e9 des \u00e9coles \u00e0 innover face aux enjeux \u00e9cologiques.<\/p>\n\n\n\n<p>Dans le respect du Plan h\u00e9ritage et durabilit\u00e9 de Paris 2024, les pavillons seront d\u00e9mont\u00e9s apr\u00e8s les Jeux Olympiques et Paralympiques, puis remont\u00e9s pour devenir de petits \u00e9quipements de proximit\u00e9 dans les territoires ou \u00eatre recycl\u00e9s<\/p>\n<\/div><\/details>\n<\/div>\n\n\n\n<p>Pour en d\u00e9couvrir davantage sur les Olympiades culturelles et Archi-Folies :<\/p>\n\n\n\n<p><a href=\"https:\/\/olympiade-culturelle.paris2024.org\/\" target=\"_blank\" rel=\"noreferrer noopener\">https:\/\/olympiade-culturelle.paris2024.org\/<\/a><\/p>\n\n\n\n<p><a href=\"https:\/\/www.culture.gouv.fr\/Actualites\/Paris-2024-le-projet-Archi-Folies-entre-dans-sa-derniere-ligne-droite\" target=\"_blank\" rel=\"noreferrer noopener\">https:\/\/www.culture.gouv.fr\/Actualites\/Paris-2024-le-projet-Archi-Folies-entre-dans-sa-derniere-ligne-droite<\/a><\/p>\n\n\n\n<p><a href=\"https:\/\/lavillette.com\/programmation\/archi-folies-2024_e1915\" target=\"_blank\" rel=\"noreferrer noopener\">https:\/\/lavillette.com\/programmation\/archi-folies-2024_e1915<\/a><\/p>\n\n\n\n<h3 class=\"wp-block-heading\">Partenaires et m\u00e9c\u00e8nes<\/h3>\n\n\n\n<p>Ce projet ambitieux est port\u00e9 et financ\u00e9 par le minist\u00e8re de la Culture en partenariat avec l\u2019Etablissement Public du Parc et de la Grande Halle de La Villette (EPPGHV), le Comit\u00e9 National Olympique et Sportif Fran\u00e7ais (CNOSF), le Comit\u00e9 d\u2019Organisation des Jeux Olympiques et Paralympiques de Paris 2024 (COJO), et mis en \u0153uvre par les 20 Ecoles nationales sup\u00e9rieures d\u2019architecture et de paysage (ENSAP).<\/p>\n\n\n\n<figure class=\"wp-block-image size-large is-style-default\"><img loading=\"lazy\" decoding=\"async\" width=\"1024\" height=\"483\" src=\"https:\/\/archifolies-ensa.marseille.archi.fr\/wp-content\/uploads\/2024\/04\/Bandeau_m\u00aec\u00bfnes-1024x483.png\" alt=\"\" class=\"wp-image-344\" srcset=\"https:\/\/archifolies-ensa.marseille.archi.fr\/wp-content\/uploads\/2024\/04\/Bandeau_m\u00aec\u00bfnes-1024x483.png 1024w, https:\/\/archifolies-ensa.marseille.archi.fr\/wp-content\/uploads\/2024\/04\/Bandeau_m\u00aec\u00bfnes-300x141.png 300w, https:\/\/archifolies-ensa.marseille.archi.fr\/wp-content\/uploads\/2024\/04\/Bandeau_m\u00aec\u00bfnes-768x362.png 768w, https:\/\/archifolies-ensa.marseille.archi.fr\/wp-content\/uploads\/2024\/04\/Bandeau_m\u00aec\u00bfnes-1536x724.png 1536w, https:\/\/archifolies-ensa.marseille.archi.fr\/wp-content\/uploads\/2024\/04\/Bandeau_m\u00aec\u00bfnes-2048x965.png 2048w\" sizes=\"auto, (max-width: 1024px) 100vw, 1024px\" \/><\/figure>\n","protected":false},"excerpt":{"rendered":"<p>Archi-Folies&nbsp;: un projet de cr\u00e9ation architecturale et d\u2019innovation \u00e0 l\u2019\u00e9chelle nationale Apr\u00e8s le lancement officiel d\u2019Archi-Folies par la ministre de la Culture \u00e0 La Villette en fin d\u2019ann\u00e9e 2022, l\u2019ann\u00e9e 2023 a \u00e9t\u00e9 consacr\u00e9e \u00e0 la conception architecturale des pavillons &#8211; dans un premier temps gr\u00e2ce \u00e0 la finalisation du \u00ab&nbsp;Plan Guide&nbsp;\u00bb comprenant les r\u00e8gles [&hellip;]<\/p>\n","protected":false},"author":4,"featured_media":0,"parent":0,"menu_order":0,"comment_status":"closed","ping_status":"closed","template":"","meta":{"_themeisle_gutenberg_block_has_review":false,"footnotes":""},"class_list":["post-209","page","type-page","status-publish","hentry"],"_links":{"self":[{"href":"https:\/\/archifolies-ensa.marseille.archi.fr\/index.php?rest_route=\/wp\/v2\/pages\/209","targetHints":{"allow":["GET"]}}],"collection":[{"href":"https:\/\/archifolies-ensa.marseille.archi.fr\/index.php?rest_route=\/wp\/v2\/pages"}],"about":[{"href":"https:\/\/archifolies-ensa.marseille.archi.fr\/index.php?rest_route=\/wp\/v2\/types\/page"}],"author":[{"embeddable":true,"href":"https:\/\/archifolies-ensa.marseille.archi.fr\/index.php?rest_route=\/wp\/v2\/users\/4"}],"replies":[{"embeddable":true,"href":"https:\/\/archifolies-ensa.marseille.archi.fr\/index.php?rest_route=%2Fwp%2Fv2%2Fcomments&post=209"}],"version-history":[{"count":20,"href":"https:\/\/archifolies-ensa.marseille.archi.fr\/index.php?rest_route=\/wp\/v2\/pages\/209\/revisions"}],"predecessor-version":[{"id":586,"href":"https:\/\/archifolies-ensa.marseille.archi.fr\/index.php?rest_route=\/wp\/v2\/pages\/209\/revisions\/586"}],"wp:attachment":[{"href":"https:\/\/archifolies-ensa.marseille.archi.fr\/index.php?rest_route=%2Fwp%2Fv2%2Fmedia&parent=209"}],"curies":[{"name":"wp","href":"https:\/\/api.w.org\/{rel}","templated":true}]}}