{"id":213,"date":"2023-11-16T16:13:32","date_gmt":"2023-11-16T15:13:32","guid":{"rendered":"https:\/\/archifolies-ensa.marseille.archi.fr\/?page_id=213"},"modified":"2025-03-21T12:47:19","modified_gmt":"2025-03-21T11:47:19","slug":"workshops","status":"publish","type":"page","link":"https:\/\/archifolies-ensa.marseille.archi.fr\/?page_id=213","title":{"rendered":"Journal de bord"},"content":{"rendered":"\n<p>Le projet Archifolies a mobilis\u00e9 pendant 4 semestres un studio de projet d&rsquo;une quinzaine d&rsquo;\u00e9tudiants de master. Ce travail d\u2019exp\u00e9rimentation in\u00e9dit pour des \u00e9tudiants s&rsquo;est d\u00e9roul\u00e9 en plusieurs \u00e9tapes : de la d\u00e9finition du cahier des charges avec la FFV \u00e0 la conception et la r\u00e9alisation \u00e0 l&rsquo;\u00e9chelle 1.<\/p>\n\n\n<div style=\"text-align:center;\"><iframe loading=\"lazy\" src=\"\/\/v.calameo.com\/?bkcode=0033680169d4b506ba0d0&#038;mode=mini\" width=\"560\" height=\"500\" frameborder=\"0\" scrolling=\"no\" allowtransparency allowfullscreen style=\"margin:0 auto;\"><\/iframe><\/div>\n\n\n<div style=\"text-align:center;\"><iframe loading=\"lazy\" src=\"\/\/v.calameo.com\/?bkcode=003368016e5c0211edc6e\" width=\"700\" height=\"300\" frameborder=\"0\" scrolling=\"no\" allowtransparency allowfullscreen style=\"margin:0 auto;\"><\/iframe><\/div>\n\n\n<div style=\"text-align:center;\"><iframe loading=\"lazy\" src=\"\/\/v.calameo.com\/?bkcode=0033680165533aec6f862\" width=\"700\" height=\"300\" frameborder=\"0\" scrolling=\"no\" allowtransparency allowfullscreen style=\"margin:0 auto;\"><\/iframe><\/p>\n<div style=\"margin:4px 0px 8px;\"><a href=\"http:\/\/www.calameo.com\/\"><\/a><\/div>\n<\/div>\n\n\n<div style=\"text-align:center;\"><iframe loading=\"lazy\" src=\"\/\/v.calameo.com\/?bkcode=003368016761fe15ccaf6\" width=\"700\" height=\"300\" frameborder=\"0\" scrolling=\"no\" allowtransparency allowfullscreen style=\"margin:0 auto;\"><\/iframe><\/p>\n<div style=\"margin:4px 0px 8px;\"><a href=\"http:\/\/www.calameo.com\/\"><\/a><\/div>\n<\/div>\n\n\n<div style=\"text-align:center;\"><iframe loading=\"lazy\" src=\"\/\/v.calameo.com\/?bkcode=0033680161ab841a3d5fa\" width=\"700\" height=\"300\" frameborder=\"0\" scrolling=\"no\" allowtransparency allowfullscreen style=\"margin:0 auto;\"><\/iframe><\/p>\n<div style=\"margin:4px 0px 8px;\"><a href=\"http:\/\/www.calameo.com\/\"><\/a><\/div>\n<\/div>\n\n\n\n<h4 class=\"wp-block-heading has-text-align-left\">Montage au parc de la Villette<\/h4>\n\n\n\n<figure class=\"wp-block-gallery has-nested-images columns-default is-cropped wp-block-gallery-1 is-layout-flex wp-block-gallery-is-layout-flex\">\n<figure class=\"wp-block-image size-large\"><img loading=\"lazy\" decoding=\"async\" width=\"756\" height=\"1008\" data-id=\"451\" src=\"https:\/\/archifolies-ensa.marseille.archi.fr\/wp-content\/uploads\/2024\/05\/Resized_20240514_112006.jpeg\" alt=\"\" class=\"wp-image-451\" srcset=\"https:\/\/archifolies-ensa.marseille.archi.fr\/wp-content\/uploads\/2024\/05\/Resized_20240514_112006.jpeg 756w, https:\/\/archifolies-ensa.marseille.archi.fr\/wp-content\/uploads\/2024\/05\/Resized_20240514_112006-225x300.jpeg 225w\" sizes=\"auto, (max-width: 756px) 100vw, 756px\" \/><\/figure>\n\n\n\n<figure class=\"wp-block-image size-large\"><img loading=\"lazy\" decoding=\"async\" width=\"756\" height=\"1008\" data-id=\"452\" src=\"https:\/\/archifolies-ensa.marseille.archi.fr\/wp-content\/uploads\/2024\/05\/Resized_20240514_112046.jpeg\" alt=\"\" class=\"wp-image-452\" srcset=\"https:\/\/archifolies-ensa.marseille.archi.fr\/wp-content\/uploads\/2024\/05\/Resized_20240514_112046.jpeg 756w, https:\/\/archifolies-ensa.marseille.archi.fr\/wp-content\/uploads\/2024\/05\/Resized_20240514_112046-225x300.jpeg 225w\" sizes=\"auto, (max-width: 756px) 100vw, 756px\" \/><\/figure>\n\n\n\n<figure class=\"wp-block-image size-large\"><img loading=\"lazy\" decoding=\"async\" width=\"1024\" height=\"768\" data-id=\"454\" src=\"https:\/\/archifolies-ensa.marseille.archi.fr\/wp-content\/uploads\/2024\/05\/IMG_6541-copie-1024x768.jpg\" alt=\"\" class=\"wp-image-454\" srcset=\"https:\/\/archifolies-ensa.marseille.archi.fr\/wp-content\/uploads\/2024\/05\/IMG_6541-copie-1024x768.jpg 1024w, https:\/\/archifolies-ensa.marseille.archi.fr\/wp-content\/uploads\/2024\/05\/IMG_6541-copie-300x225.jpg 300w, https:\/\/archifolies-ensa.marseille.archi.fr\/wp-content\/uploads\/2024\/05\/IMG_6541-copie-768x576.jpg 768w, https:\/\/archifolies-ensa.marseille.archi.fr\/wp-content\/uploads\/2024\/05\/IMG_6541-copie-1536x1152.jpg 1536w, https:\/\/archifolies-ensa.marseille.archi.fr\/wp-content\/uploads\/2024\/05\/IMG_6541-copie-2048x1536.jpg 2048w\" sizes=\"auto, (max-width: 1024px) 100vw, 1024px\" \/><\/figure>\n\n\n\n<figure class=\"wp-block-image size-large\"><img loading=\"lazy\" decoding=\"async\" width=\"1024\" height=\"768\" data-id=\"455\" src=\"https:\/\/archifolies-ensa.marseille.archi.fr\/wp-content\/uploads\/2024\/05\/IMG_65441-copie-1024x768.jpg\" alt=\"\" class=\"wp-image-455\" srcset=\"https:\/\/archifolies-ensa.marseille.archi.fr\/wp-content\/uploads\/2024\/05\/IMG_65441-copie-1024x768.jpg 1024w, https:\/\/archifolies-ensa.marseille.archi.fr\/wp-content\/uploads\/2024\/05\/IMG_65441-copie-300x225.jpg 300w, https:\/\/archifolies-ensa.marseille.archi.fr\/wp-content\/uploads\/2024\/05\/IMG_65441-copie-768x576.jpg 768w, https:\/\/archifolies-ensa.marseille.archi.fr\/wp-content\/uploads\/2024\/05\/IMG_65441-copie-1536x1152.jpg 1536w, https:\/\/archifolies-ensa.marseille.archi.fr\/wp-content\/uploads\/2024\/05\/IMG_65441-copie-2048x1536.jpg 2048w\" sizes=\"auto, (max-width: 1024px) 100vw, 1024px\" \/><\/figure>\n\n\n\n<figure class=\"wp-block-image size-large\"><img loading=\"lazy\" decoding=\"async\" width=\"1024\" height=\"768\" data-id=\"456\" src=\"https:\/\/archifolies-ensa.marseille.archi.fr\/wp-content\/uploads\/2024\/05\/IMG_656641-copie-1024x768.jpg\" alt=\"\" class=\"wp-image-456\" srcset=\"https:\/\/archifolies-ensa.marseille.archi.fr\/wp-content\/uploads\/2024\/05\/IMG_656641-copie-1024x768.jpg 1024w, https:\/\/archifolies-ensa.marseille.archi.fr\/wp-content\/uploads\/2024\/05\/IMG_656641-copie-300x225.jpg 300w, https:\/\/archifolies-ensa.marseille.archi.fr\/wp-content\/uploads\/2024\/05\/IMG_656641-copie-768x576.jpg 768w, https:\/\/archifolies-ensa.marseille.archi.fr\/wp-content\/uploads\/2024\/05\/IMG_656641-copie-1536x1152.jpg 1536w, https:\/\/archifolies-ensa.marseille.archi.fr\/wp-content\/uploads\/2024\/05\/IMG_656641-copie-2048x1536.jpg 2048w\" sizes=\"auto, (max-width: 1024px) 100vw, 1024px\" \/><\/figure>\n<\/figure>\n\n\n\n<h4 class=\"wp-block-heading\">Apprentissage de la couture sur voile avec Philippe Coste<\/h4>\n\n\n\n<figure class=\"wp-block-gallery has-nested-images columns-default is-cropped wp-block-gallery-2 is-layout-flex wp-block-gallery-is-layout-flex\">\n<figure class=\"wp-block-image size-large\"><img loading=\"lazy\" decoding=\"async\" width=\"1024\" height=\"655\" data-id=\"379\" src=\"https:\/\/archifolies-ensa.marseille.archi.fr\/wp-content\/uploads\/2024\/04\/image-9-1024x655.png\" alt=\"\" class=\"wp-image-379\" srcset=\"https:\/\/archifolies-ensa.marseille.archi.fr\/wp-content\/uploads\/2024\/04\/image-9-1024x655.png 1024w, https:\/\/archifolies-ensa.marseille.archi.fr\/wp-content\/uploads\/2024\/04\/image-9-300x192.png 300w, https:\/\/archifolies-ensa.marseille.archi.fr\/wp-content\/uploads\/2024\/04\/image-9-768x491.png 768w, https:\/\/archifolies-ensa.marseille.archi.fr\/wp-content\/uploads\/2024\/04\/image-9.png 1046w\" sizes=\"auto, (max-width: 1024px) 100vw, 1024px\" \/><\/figure>\n\n\n\n<figure class=\"wp-block-image size-large\"><img loading=\"lazy\" decoding=\"async\" width=\"691\" height=\"1024\" data-id=\"378\" src=\"https:\/\/archifolies-ensa.marseille.archi.fr\/wp-content\/uploads\/2024\/04\/image-8-691x1024.png\" alt=\"\" class=\"wp-image-378\" srcset=\"https:\/\/archifolies-ensa.marseille.archi.fr\/wp-content\/uploads\/2024\/04\/image-8-691x1024.png 691w, https:\/\/archifolies-ensa.marseille.archi.fr\/wp-content\/uploads\/2024\/04\/image-8-203x300.png 203w, https:\/\/archifolies-ensa.marseille.archi.fr\/wp-content\/uploads\/2024\/04\/image-8-768x1137.png 768w, https:\/\/archifolies-ensa.marseille.archi.fr\/wp-content\/uploads\/2024\/04\/image-8.png 792w\" sizes=\"auto, (max-width: 691px) 100vw, 691px\" \/><\/figure>\n\n\n\n<figure class=\"wp-block-image size-large\"><img loading=\"lazy\" decoding=\"async\" width=\"693\" height=\"1024\" data-id=\"377\" src=\"https:\/\/archifolies-ensa.marseille.archi.fr\/wp-content\/uploads\/2024\/04\/image-7-693x1024.png\" alt=\"\" class=\"wp-image-377\" srcset=\"https:\/\/archifolies-ensa.marseille.archi.fr\/wp-content\/uploads\/2024\/04\/image-7-693x1024.png 693w, https:\/\/archifolies-ensa.marseille.archi.fr\/wp-content\/uploads\/2024\/04\/image-7-203x300.png 203w, https:\/\/archifolies-ensa.marseille.archi.fr\/wp-content\/uploads\/2024\/04\/image-7-768x1134.png 768w, https:\/\/archifolies-ensa.marseille.archi.fr\/wp-content\/uploads\/2024\/04\/image-7.png 795w\" sizes=\"auto, (max-width: 693px) 100vw, 693px\" \/><\/figure>\n\n\n\n<figure class=\"wp-block-image size-large\"><img loading=\"lazy\" decoding=\"async\" width=\"817\" height=\"1024\" data-id=\"375\" src=\"https:\/\/archifolies-ensa.marseille.archi.fr\/wp-content\/uploads\/2024\/04\/image-6-817x1024.png\" alt=\"\" class=\"wp-image-375\" srcset=\"https:\/\/archifolies-ensa.marseille.archi.fr\/wp-content\/uploads\/2024\/04\/image-6-817x1024.png 817w, https:\/\/archifolies-ensa.marseille.archi.fr\/wp-content\/uploads\/2024\/04\/image-6-239x300.png 239w, https:\/\/archifolies-ensa.marseille.archi.fr\/wp-content\/uploads\/2024\/04\/image-6-768x963.png 768w, https:\/\/archifolies-ensa.marseille.archi.fr\/wp-content\/uploads\/2024\/04\/image-6.png 934w\" sizes=\"auto, (max-width: 817px) 100vw, 817px\" \/><\/figure>\n<\/figure>\n\n\n\n<h2 class=\"wp-block-heading\">De 2022 \u00e0 2023<\/h2>\n\n\n\n<h4 class=\"wp-block-heading\">Initiation \u00e0 la voile avec la FFV<\/h4>\n\n\n\n<div id=\"wp-block-themeisle-blocks-slider-5eeedab0\" class=\"wp-block-themeisle-blocks-slider glide\" data-per-view=\"1\" data-gap=\"0\" data-peek=\"0\" data-autoplay=\"false\" data-height=\"400px\" data-hide-arrows=\"false\"><div class=\"glide__track\" data-glide-el=\"track\"><div class=\"glide__slides\"><div class=\"wp-block-themeisle-blocks-slider-item-wrapper glide__slide\" tabindex=\"0\"><figure><img decoding=\"async\" class=\"wp-block-themeisle-blocks-slider-item\" src=\"https:\/\/archifolies-ensa.marseille.archi.fr\/wp-content\/uploads\/2023\/11\/Image1-1.jpg\" alt=\"\" title=\"\" data-id=\"224\"\/><\/figure><\/div><div class=\"wp-block-themeisle-blocks-slider-item-wrapper glide__slide\" tabindex=\"0\"><figure><img decoding=\"async\" class=\"wp-block-themeisle-blocks-slider-item\" src=\"https:\/\/archifolies-ensa.marseille.archi.fr\/wp-content\/uploads\/2023\/11\/Image3.jpg\" alt=\"\" title=\"\" data-id=\"225\"\/><\/figure><\/div><div class=\"wp-block-themeisle-blocks-slider-item-wrapper glide__slide\" tabindex=\"0\"><figure><img decoding=\"async\" class=\"wp-block-themeisle-blocks-slider-item\" src=\"https:\/\/archifolies-ensa.marseille.archi.fr\/wp-content\/uploads\/2023\/11\/Image4-2.jpg\" alt=\"\" title=\"\" data-id=\"226\"\/><\/figure><\/div><div class=\"wp-block-themeisle-blocks-slider-item-wrapper glide__slide\" tabindex=\"0\"><figure><img decoding=\"async\" class=\"wp-block-themeisle-blocks-slider-item\" src=\"https:\/\/archifolies-ensa.marseille.archi.fr\/wp-content\/uploads\/2023\/11\/Image5-2.jpg\" alt=\"\" title=\"\" data-id=\"227\"\/><\/figure><\/div><\/div><div class=\"glide__bullets\" data-glide-el=\"controls[nav]\"><button class=\"glide__bullet\" data-glide-dir=\"=0\"><\/button><button class=\"glide__bullet\" data-glide-dir=\"=1\"><\/button><button class=\"glide__bullet\" data-glide-dir=\"=2\"><\/button><button class=\"glide__bullet\" data-glide-dir=\"=3\"><\/button><\/div><\/div><\/div>\n\n\n\n<h4 class=\"wp-block-heading\">Atelier bois<\/h4>\n\n\n\n<div id=\"wp-block-themeisle-blocks-slider-cf1b0529\" class=\"wp-block-themeisle-blocks-slider glide\" data-per-view=\"1\" data-gap=\"0\" data-peek=\"0\" data-autoplay=\"false\" data-height=\"400px\" data-hide-arrows=\"false\"><div class=\"glide__track\" data-glide-el=\"track\"><div class=\"glide__slides\"><div class=\"wp-block-themeisle-blocks-slider-item-wrapper glide__slide\" tabindex=\"0\"><figure><img decoding=\"async\" class=\"wp-block-themeisle-blocks-slider-item\" src=\"https:\/\/archifolies-ensa.marseille.archi.fr\/wp-content\/uploads\/2023\/11\/Image6-2.jpg\" alt=\"\" title=\"\" data-id=\"229\"\/><\/figure><\/div><div class=\"wp-block-themeisle-blocks-slider-item-wrapper glide__slide\" tabindex=\"0\"><figure><img decoding=\"async\" class=\"wp-block-themeisle-blocks-slider-item\" src=\"https:\/\/archifolies-ensa.marseille.archi.fr\/wp-content\/uploads\/2023\/11\/Image7-2.jpg\" alt=\"\" title=\"\" data-id=\"230\"\/><\/figure><\/div><div class=\"wp-block-themeisle-blocks-slider-item-wrapper glide__slide\" tabindex=\"0\"><figure><img decoding=\"async\" class=\"wp-block-themeisle-blocks-slider-item\" src=\"https:\/\/archifolies-ensa.marseille.archi.fr\/wp-content\/uploads\/2023\/11\/Image8-2.jpg\" alt=\"\" title=\"\" data-id=\"231\"\/><\/figure><\/div><div class=\"wp-block-themeisle-blocks-slider-item-wrapper glide__slide\" tabindex=\"0\"><figure><img decoding=\"async\" class=\"wp-block-themeisle-blocks-slider-item\" src=\"https:\/\/archifolies-ensa.marseille.archi.fr\/wp-content\/uploads\/2023\/11\/Image9-2.jpg\" alt=\"\" title=\"\" data-id=\"232\"\/><\/figure><\/div><div class=\"wp-block-themeisle-blocks-slider-item-wrapper glide__slide\" tabindex=\"0\"><figure><img decoding=\"async\" class=\"wp-block-themeisle-blocks-slider-item\" src=\"https:\/\/archifolies-ensa.marseille.archi.fr\/wp-content\/uploads\/2023\/11\/Image10-2.jpg\" alt=\"\" title=\"\" data-id=\"233\"\/><\/figure><\/div><div class=\"wp-block-themeisle-blocks-slider-item-wrapper glide__slide\" tabindex=\"0\"><figure><img decoding=\"async\" class=\"wp-block-themeisle-blocks-slider-item\" src=\"https:\/\/archifolies-ensa.marseille.archi.fr\/wp-content\/uploads\/2023\/11\/Image11-2.jpg\" alt=\"\" title=\"\" data-id=\"234\"\/><\/figure><\/div><div class=\"wp-block-themeisle-blocks-slider-item-wrapper glide__slide\" tabindex=\"0\"><figure><img decoding=\"async\" class=\"wp-block-themeisle-blocks-slider-item\" src=\"https:\/\/archifolies-ensa.marseille.archi.fr\/wp-content\/uploads\/2023\/11\/Image12-2.jpg\" alt=\"\" title=\"\" data-id=\"235\"\/><\/figure><\/div><\/div><div class=\"glide__bullets\" data-glide-el=\"controls[nav]\"><button class=\"glide__bullet\" data-glide-dir=\"=0\"><\/button><button class=\"glide__bullet\" data-glide-dir=\"=1\"><\/button><button class=\"glide__bullet\" data-glide-dir=\"=2\"><\/button><button class=\"glide__bullet\" data-glide-dir=\"=3\"><\/button><button class=\"glide__bullet\" data-glide-dir=\"=4\"><\/button><button class=\"glide__bullet\" data-glide-dir=\"=5\"><\/button><button class=\"glide__bullet\" data-glide-dir=\"=6\"><\/button><\/div><\/div><\/div>\n","protected":false},"excerpt":{"rendered":"<p>Le projet Archifolies a mobilis\u00e9 pendant 4 semestres un studio de projet d&rsquo;une quinzaine d&rsquo;\u00e9tudiants de master. Ce travail d\u2019exp\u00e9rimentation in\u00e9dit pour des \u00e9tudiants s&rsquo;est d\u00e9roul\u00e9 en plusieurs \u00e9tapes : de la d\u00e9finition du cahier des charges avec la FFV \u00e0 la conception et la r\u00e9alisation \u00e0 l&rsquo;\u00e9chelle 1. Montage au parc de la Villette [&hellip;]<\/p>\n","protected":false},"author":4,"featured_media":0,"parent":0,"menu_order":0,"comment_status":"closed","ping_status":"closed","template":"","meta":{"_themeisle_gutenberg_block_has_review":false,"footnotes":""},"class_list":["post-213","page","type-page","status-publish","hentry"],"_links":{"self":[{"href":"https:\/\/archifolies-ensa.marseille.archi.fr\/index.php?rest_route=\/wp\/v2\/pages\/213","targetHints":{"allow":["GET"]}}],"collection":[{"href":"https:\/\/archifolies-ensa.marseille.archi.fr\/index.php?rest_route=\/wp\/v2\/pages"}],"about":[{"href":"https:\/\/archifolies-ensa.marseille.archi.fr\/index.php?rest_route=\/wp\/v2\/types\/page"}],"author":[{"embeddable":true,"href":"https:\/\/archifolies-ensa.marseille.archi.fr\/index.php?rest_route=\/wp\/v2\/users\/4"}],"replies":[{"embeddable":true,"href":"https:\/\/archifolies-ensa.marseille.archi.fr\/index.php?rest_route=%2Fwp%2Fv2%2Fcomments&post=213"}],"version-history":[{"count":35,"href":"https:\/\/archifolies-ensa.marseille.archi.fr\/index.php?rest_route=\/wp\/v2\/pages\/213\/revisions"}],"predecessor-version":[{"id":620,"href":"https:\/\/archifolies-ensa.marseille.archi.fr\/index.php?rest_route=\/wp\/v2\/pages\/213\/revisions\/620"}],"wp:attachment":[{"href":"https:\/\/archifolies-ensa.marseille.archi.fr\/index.php?rest_route=%2Fwp%2Fv2%2Fmedia&parent=213"}],"curies":[{"name":"wp","href":"https:\/\/api.w.org\/{rel}","templated":true}]}}