{"id":217,"date":"2023-11-16T16:15:35","date_gmt":"2023-11-16T15:15:35","guid":{"rendered":"https:\/\/archifolies-ensa.marseille.archi.fr\/?page_id=217"},"modified":"2024-06-13T17:35:37","modified_gmt":"2024-06-13T15:35:37","slug":"les-equipes","status":"publish","type":"page","link":"https:\/\/archifolies-ensa.marseille.archi.fr\/?page_id=217","title":{"rendered":"Les \u00e9quipes"},"content":{"rendered":"\n<h4 class=\"wp-block-heading\">Enseignants de l&rsquo;ensa\u2022marseille<\/h4>\n\n\n\n<div class=\"wp-block-columns is-layout-flex wp-container-core-columns-is-layout-28f84493 wp-block-columns-is-layout-flex\">\n<div class=\"wp-block-column is-layout-flow wp-block-column-is-layout-flow\">\n<p>Antoine Kilian<\/p>\n\n\n\n<p>Tilman Reichert<\/p>\n\n\n\n<p>Jean-Christophe Grosso<\/p>\n\n\n\n<p>Jean-Marc Hueber<\/p>\n\n\n\n<p>David Mateos Escobar<\/p>\n\n\n\n<p><\/p>\n<\/div>\n<\/div>\n\n\n\n<h4 class=\"wp-block-heading\">Intervenants ext\u00e9rieurs<\/h4>\n\n\n\n<figure class=\"wp-block-table is-style-stripes\" style=\"font-size:15px\"><table class=\"has-fixed-layout\" style=\"border-width:1px\"><tbody><tr><td>Pascal <\/td><td>Urbain<\/td><td>lecture inaugurale Le Pappillon<\/td><td><\/td><td><\/td><\/tr><tr><td>Jean-Robert<br>Fran\u00e7ois<\/td><td>Charlet<br>T\u00e9ply<\/td><td>Conseil constructif<\/td><td><em><a href=\"https:\/\/www.freyssinet.fr\/\" target=\"_blank\" rel=\"noreferrer noopener\">Freyssinet Sud Est<\/a><\/em><\/td><td><\/td><\/tr><tr><td>Felix<\/td><td>HEGENBART<\/td><td>Confection structure bois<\/td><td><em><a href=\"https:\/\/hegenbart.fr\/\" target=\"_blank\" rel=\"noreferrer noopener\">Menuiserie Hegenbart<\/a><\/em><\/td><td><\/td><\/tr><tr><td>Michel <\/td><td>BAGATTINI<\/td><td><\/td><td><em><a href=\"https:\/\/www.okcorral.fr\/okcorral\/cms\/1\/ok-corral-le-plus-grand-parc-d-attractions-du-sud-de-la-france.dhtml?utm_source=NRJ&amp;utm_medium=AdWords&amp;utm_term=ok%20corral&amp;utm_campaign=OK+Corral&amp;gad_source=1&amp;gclid=Cj0KCQjwsaqzBhDdARIsAK2gqncFB_HziUYua4qTw0pOrJphquXLXwpVUREEA156L_AvLeyQwUzzFLAaAp5iEALw_wcB\" target=\"_blank\" rel=\"noreferrer noopener\">OK CORRAL<\/a><\/em><\/td><td><\/td><\/tr><tr><td>Philippe&nbsp;<\/td><td>COSTE<\/td><td>Ma\u00eetre Voilier<\/td><td><em><a href=\"https:\/\/deltavoiles.com\/\" target=\"_blank\" rel=\"noreferrer noopener\">Delta Voile<\/a><\/em><\/td><td><\/td><\/tr><tr><td>Michel<\/td><td>BAGATINI<\/td><td>Fabrication \u00e9l\u00e9ments acier remorque<\/td><td><\/td><td><\/td><\/tr><tr><td>Pierre<\/td><td>PIGEAT<\/td><td>Donateur m\u00e2t (\u00e9l\u00e9ment identitaire et principal du pavillon)<\/td><td><\/td><td><\/td><\/tr><tr><td>Elise<\/td><td>GIORDANO<\/td><td>Intervenante comission BDM<\/td><td><em><a href=\"https:\/\/www.atelier-aino.com\/\" target=\"_blank\" rel=\"noreferrer noopener\">Atelier A\u00efno<\/a><\/em><\/td><td><\/td><\/tr><tr><td>Lionel<\/td><td>COTTIN<\/td><td>Cadre Technique nationale de la f\u00e9d\u00e9ration de voile, principal interlocuteur de la FFV avec nous<\/td><td><a href=\"https:\/\/www.ffvoile.fr\/ffv\/web\/\" target=\"_blank\" rel=\"noreferrer noopener\"><em>FFV F\u00e9d\u00e9ration Fran\u00e7aise de Voile&nbsp;<\/em><\/a><\/td><td><\/td><\/tr><tr><td>Nicolas&nbsp;<\/td><td>VERNET<\/td><td>Contr\u00f4le avanc\u00e9s\/organisation pavillons&nbsp;<\/td><td><em><a href=\"https:\/\/www.lesgrandsateliers.org\/\" target=\"_blank\" rel=\"noreferrer noopener\">Grands Ateliers<\/a><\/em><\/td><td><\/td><\/tr><tr><td>Sophie&nbsp;<\/td><td>BEDARD<\/td><td>Don planches bak\u00e9lis\u00e9<\/td><td><\/td><td><\/td><\/tr><tr><td>Oriane<\/td><td>GUIDET&nbsp;<\/td><td>Ing\u00e9nieure Structure suivi le projet<\/td><td><em><a href=\"https:\/\/www.bollinger-grohmann.com\/\" target=\"_blank\" rel=\"noreferrer noopener\">Bollinger+Grohman<\/a><\/em><\/td><td><\/td><\/tr><tr><td>Fr\u00e9d\u00e9ric<\/td><td>CORSET<\/td><td>Direction G\u00e9n\u00e9ral d&rsquo;Envirobat BDM<\/td><td><em><a href=\"https:\/\/envirobatbdm.eu\/\" target=\"_blank\" rel=\"noreferrer noopener\">BDM B\u00e2timent Durable M\u00e9diterran\u00e9en<\/a><\/em><\/td><td><\/td><\/tr><\/tbody><\/table><\/figure>\n\n\n\n<h3 class=\"wp-block-heading\">Liste \u00e9tudiants printemps 2024 <\/h3>\n\n\n\n<figure class=\"wp-block-table is-style-stripes\"><table><tbody><tr><td>FUILLERAT<\/td><td>Sylvain<\/td><\/tr><tr><td>ALTESI<\/td><td>Alexandre<\/td><\/tr><tr><td>AMMIRATI<\/td><td>Lou<\/td><\/tr><tr><td>FREMINEAU<\/td><td>Aurore<\/td><\/tr><tr><td>KHELFI<\/td><td>Soufiane<\/td><\/tr><tr><td>PANCIATICI<\/td><td>Marion<\/td><\/tr><tr><td>PERALDI<\/td><td>Lilla<\/td><\/tr><tr><td>VOISIN<\/td><td>Lisa<\/td><\/tr><tr><td>TAILLEFERIE<\/td><td>Lisa<\/td><\/tr><tr><td>HASSINE<\/td><td>Bilel<\/td><\/tr><tr><td>SCRIBOT<\/td><td>Cl\u00e9ment<\/td><\/tr><tr><td>ETEVENEAUX<\/td><td>Chlo\u00e9<\/td><\/tr><tr><td>MOINDJIE<\/td><td>Naznat<\/td><\/tr><tr><td>DESMEDT<\/td><td>Lucille<\/td><\/tr><tr><td>KOVALENKO<\/td><td>Olha<\/td><\/tr><tr><td>CHAUVIN<\/td><td>Romain<\/td><\/tr><tr><td>PLANES<\/td><td>Candice<\/td><\/tr><tr><td>ZAVALA CASILLAS<\/td><td>Abraham<\/td><\/tr><\/tbody><\/table><\/figure>\n\n\n\n<h4 class=\"wp-block-heading\">Liste \u00e9tudiant automne 2023<\/h4>\n\n\n\n<figure class=\"wp-block-table is-style-stripes\"><table><tbody><tr><td>Altesi<\/td><td>Alexandre<\/td><\/tr><tr><td>Ammirati<\/td><td>Lou<\/td><\/tr><tr><td>Antoine<\/td><td>Lucie<\/td><\/tr><tr><td>Dhaouadi<\/td><td>Salma<\/td><\/tr><tr><td>el Ouaadoudi<\/td><td>Karina<\/td><\/tr><tr><td>Fuillerat<\/td><td>Sylvain<\/td><\/tr><tr><td>Joseph<\/td><td>Naomi<\/td><\/tr><tr><td>Khelifi<\/td><td>Soufiane<\/td><\/tr><tr><td>Monadjemi<\/td><td>Shady<\/td><\/tr><tr><td>Rigal<\/td><td>Mathilde<\/td><\/tr><tr><td>Voisin<\/td><td>Lisa<\/td><\/tr><tr><td>ZAVALA CASILLAS<\/td><td>Abraham<\/td><\/tr><\/tbody><\/table><\/figure>\n\n\n\n<h4 class=\"wp-block-heading\">Liste \u00e9tudiants printemps 2023<\/h4>\n\n\n\n<figure class=\"wp-block-table is-style-stripes\"><table><tbody><tr><td>Azzouz<\/td><td>Louna<\/td><\/tr><tr><td>Brouki<\/td><td>Hafsa<\/td><\/tr><tr><td>Bruot<\/td><td>Hannah<\/td><\/tr><tr><td>Chauvin<\/td><td>Romain<\/td><\/tr><tr><td>Chosson<\/td><td>Anthony<\/td><\/tr><tr><td>Colombani<\/td><td>Th\u00e9o<\/td><\/tr><tr><td>Ferrando<\/td><td>Ana\u00efs<\/td><\/tr><tr><td>Ghalali<\/td><td>Youssra<\/td><\/tr><tr><td>Jammal<\/td><td>Carol<\/td><\/tr><tr><td>Kovalenko<\/td><td>Olha<\/td><\/tr><tr><td>Laffont<\/td><td>J\u00e9r\u00e9my<\/td><\/tr><tr><td>Mauduit<\/td><td>Quentin<\/td><\/tr><tr><td>Parisi<\/td><td>Alexis<\/td><\/tr><tr><td>Zavala Casillas<\/td><td>Abraham<\/td><\/tr><\/tbody><\/table><\/figure>\n","protected":false},"excerpt":{"rendered":"<p>Enseignants de l&rsquo;ensa\u2022marseille Antoine Kilian Tilman Reichert Jean-Christophe Grosso Jean-Marc Hueber David Mateos Escobar Intervenants ext\u00e9rieurs Pascal Urbain lecture inaugurale Le Pappillon Jean-RobertFran\u00e7ois CharletT\u00e9ply Conseil constructif Freyssinet Sud Est Felix HEGENBART Confection structure bois Menuiserie Hegenbart Michel BAGATTINI OK CORRAL Philippe&nbsp; COSTE Ma\u00eetre Voilier Delta Voile Michel BAGATINI Fabrication \u00e9l\u00e9ments acier remorque Pierre PIGEAT Donateur [&hellip;]<\/p>\n","protected":false},"author":4,"featured_media":0,"parent":0,"menu_order":0,"comment_status":"closed","ping_status":"closed","template":"","meta":{"_themeisle_gutenberg_block_has_review":false,"footnotes":""},"class_list":["post-217","page","type-page","status-publish","hentry"],"_links":{"self":[{"href":"https:\/\/archifolies-ensa.marseille.archi.fr\/index.php?rest_route=\/wp\/v2\/pages\/217","targetHints":{"allow":["GET"]}}],"collection":[{"href":"https:\/\/archifolies-ensa.marseille.archi.fr\/index.php?rest_route=\/wp\/v2\/pages"}],"about":[{"href":"https:\/\/archifolies-ensa.marseille.archi.fr\/index.php?rest_route=\/wp\/v2\/types\/page"}],"author":[{"embeddable":true,"href":"https:\/\/archifolies-ensa.marseille.archi.fr\/index.php?rest_route=\/wp\/v2\/users\/4"}],"replies":[{"embeddable":true,"href":"https:\/\/archifolies-ensa.marseille.archi.fr\/index.php?rest_route=%2Fwp%2Fv2%2Fcomments&post=217"}],"version-history":[{"count":28,"href":"https:\/\/archifolies-ensa.marseille.archi.fr\/index.php?rest_route=\/wp\/v2\/pages\/217\/revisions"}],"predecessor-version":[{"id":597,"href":"https:\/\/archifolies-ensa.marseille.archi.fr\/index.php?rest_route=\/wp\/v2\/pages\/217\/revisions\/597"}],"wp:attachment":[{"href":"https:\/\/archifolies-ensa.marseille.archi.fr\/index.php?rest_route=%2Fwp%2Fv2%2Fmedia&parent=217"}],"curies":[{"name":"wp","href":"https:\/\/api.w.org\/{rel}","templated":true}]}}